{"id":18086,"date":"2025-11-30T18:43:20","date_gmt":"2025-11-30T15:43:20","guid":{"rendered":"https:\/\/youmnafarasha.com\/?page_id=18086"},"modified":"2025-12-02T14:01:10","modified_gmt":"2025-12-02T11:01:10","slug":"turkish-alphabet","status":"publish","type":"page","link":"https:\/\/youmnafarasha.com\/ar\/turkish-courses\/a1\/turkish-alphabet\/","title":{"rendered":"\u0627\u0644\u0623\u0628\u062c\u062f\u064a\u0629 \u0627\u0644\u062a\u0631\u0643\u064a\u0629"},"content":{"rendered":"<h2>\u0627\u0644\u0623\u0628\u062c\u062f\u064a\u0629 \u0627\u0644\u062a\u0631\u0643\u064a\u0629<\/h2>\n<p>Aa\u00a0\u00a0\u00a0\u00a0 Bb\u00a0\u00a0\u00a0\u00a0 Cc\u00a0\u00a0\u00a0\u00a0\u00a0 \u00c7\u00e7\u00a0\u00a0\u00a0\u00a0\u00a0 Dd\u00a0\u00a0\u00a0\u00a0 Ee\u00a0\u00a0\u00a0\u00a0\u00a0 Ff\u00a0\u00a0\u00a0\u00a0\u00a0 Gg\u00a0\u00a0\u00a0\u00a0 \u011e\u011f\u00a0\u00a0\u00a0\u00a0 Hh<\/p>\n<p>I\u0131\u00a0\u00a0\u00a0\u00a0\u00a0\u00a0\u00a0 \u0130i\u00a0\u00a0\u00a0\u00a0\u00a0\u00a0\u00a0 Jj\u00a0\u00a0\u00a0\u00a0\u00a0\u00a0 Kk\u00a0\u00a0\u00a0\u00a0 Ll\u00a0\u00a0\u00a0\u00a0\u00a0\u00a0 Mm\u00a0\u00a0\u00a0 Nn\u00a0\u00a0\u00a0\u00a0 Oo\u00a0\u00a0\u00a0\u00a0 \u00d6\u00f6\u00a0\u00a0\u00a0\u00a0 Pp<\/p>\n<p>Rr\u00a0\u00a0\u00a0\u00a0\u00a0 Ss\u00a0\u00a0\u00a0\u00a0\u00a0 \u015e\u015f\u00a0\u00a0\u00a0\u00a0\u00a0 Tt\u00a0\u00a0\u00a0\u00a0\u00a0\u00a0 Uu\u00a0\u00a0\u00a0\u00a0 \u00dc\u00fc\u00a0\u00a0\u00a0\u00a0 Vv\u00a0\u00a0\u00a0\u00a0 Yy\u00a0\u00a0\u00a0\u00a0 Zz<\/p>\n\t\t<iframe loading=\"lazy\" title=\"1. \u0627\u0644\u0623\u0628\u062c\u062f\u064a\u0629 \u0627\u0644\u062a\u0631\u0643\u064a\u0629\" width=\"640\" height=\"360\" src=\"https:\/\/www.youtube.com\/embed\/58RlBI9CMtA?feature=oembed\" frameborder=\"0\" allow=\"accelerometer; autoplay; clipboard-write; encrypted-media; gyroscope; picture-in-picture; web-share\" referrerpolicy=\"strict-origin-when-cross-origin\" allowfullscreen><\/iframe>\t\n\t<table width=\"100%\">\n<tbody>\n<tr>\n<td width=\"20%\">Aa: araba<\/td>\n<td width=\"19%\">Bb: bardak<\/td>\n<td width=\"20%\">Cc: ceket<\/td>\n<td width=\"20%\">\u00c7\u00e7: \u00e7anta<\/td>\n<td width=\"18%\">Dd: ders<\/td>\n<\/tr>\n<tr>\n<td width=\"20%\">Ee: elbise<\/td>\n<td width=\"19%\">Ff: fare<\/td>\n<td width=\"20%\">Gg: g\u00fcne\u015f<\/td>\n<td width=\"20%\">\u011e\u011f: ya\u011fmur<\/td>\n<td width=\"18%\">Hh: harf<\/td>\n<\/tr>\n<tr>\n<td width=\"20%\">I\u0131: \u0131\u015f\u0131k<\/td>\n<td width=\"19%\">\u0130i: insan<\/td>\n<td width=\"20%\">Jj: jandarma<\/td>\n<td width=\"20%\">Kk: kalp<\/td>\n<td width=\"18%\">Ll: limon<\/td>\n<\/tr>\n<tr>\n<td width=\"20%\">Mm: meyve<\/td>\n<td width=\"19%\">Nn: nane<\/td>\n<td width=\"20%\">Oo: oda<\/td>\n<td width=\"20%\">\u00d6\u00f6: \u00f6dev<\/td>\n<td width=\"18%\">Pp: pijama<\/td>\n<\/tr>\n<tr>\n<td width=\"20%\">Rr: radyo<\/td>\n<td width=\"19%\">Ss: su<\/td>\n<td width=\"20%\">\u015e\u015f: \u015feker<\/td>\n<td width=\"20%\">Tt: telefon<\/td>\n<td width=\"18%\">Uu: uzun<\/td>\n<\/tr>\n<tr>\n<td width=\"20%\">\u00dc\u00fc: \u00fclke<\/td>\n<td width=\"19%\">Vv: vapur<\/td>\n<td width=\"20%\"><\/td>\n<td width=\"20%\">Yy: y\u0131ld\u0131z<\/td>\n<td width=\"18%\">Zz: zaman<\/td>\n<\/tr>\n<\/tbody>\n<\/table>\n\t<h3>\u0627\u0644\u062d\u0631\u0641 \u011e\u011f<\/h3>\n<article dir=\"auto\" tabindex=\"-1\" data-turn-id=\"eb846028-5521-44b7-bb2d-214282338123\" data-testid=\"conversation-turn-2\" data-scroll-anchor=\"true\" data-turn=\"assistant\">\n\u0627\u0644\u062d\u0631\u0641 <strong data-start=\"11\" data-end=\"17\">\u011e\u011f<\/strong> \u0647\u0648 \u0627\u0644\u062d\u0631\u0641 \u0627\u0644\u0648\u062d\u064a\u062f \u0627\u0644\u0630\u064a \u0644\u0627 \u0635\u0648\u062a \u0645\u062d\u062f\u062f \u0644\u0647 \u0641\u064a \u0627\u0644\u0644\u063a\u0629 \u0627\u0644\u062a\u0631\u0643\u064a\u0629. \u0647\u0648 \u062d\u0631\u0641 \u0645\u062f \u064a\u0623\u062a\u064a \u0628\u0639\u062f \u0627\u0644\u062d\u0631\u0641 \u0627\u0644\u0635\u0648\u062a\u064a \u0641\u064a\u0645\u062f\u0651\u0647.\n<\/article>\n<p>Aa &#8211; I\u0131:\u00a0\u00a0\u00a0\u00a0\u00a0\u00a0\u00a0\u00a0\u00a0\u00a0 Ya\u011fmur\u00a0\u00a0\u00a0\u00a0\u00a0\u00a0\u00a0\u00a0\u00a0 Ma\u011fara\u00a0\u00a0\u00a0\u00a0\u00a0\u00a0\u00a0\u00a0\u00a0\u00a0 Ka\u011f\u0131t\u00a0\u00a0\u00a0\u00a0\u00a0\u00a0\u00a0\u00a0\u00a0\u00a0\u00a0\u00a0\u00a0\u00a0 A\u011f\u0131z<\/p>\n<p>Ee &#8211; \u0130i:\u00a0 \u00a0 \u00a0 \u00a0 \u00a0 \u00a0 \u00a0 E\u011flenci\u00a0\u00a0\u00a0\u00a0\u00a0\u00a0\u00a0\u00a0\u00a0\u00a0 E\u011fer\u00a0\u00a0\u00a0\u00a0\u00a0\u00a0\u00a0\u00a0\u00a0\u00a0\u00a0\u00a0\u00a0\u00a0\u00a0 De\u011fil\u00a0\u00a0\u00a0\u00a0\u00a0\u00a0\u00a0\u00a0\u00a0\u00a0\u00a0\u00a0\u00a0\u00a0 \u0130\u011fne<\/p>\n<p>Oo &#8211; Uu:\u00a0\u00a0\u00a0\u00a0\u00a0\u00a0\u00a0\u00a0 Bo\u011faz\u00a0\u00a0\u00a0\u00a0\u00a0\u00a0\u00a0\u00a0\u00a0\u00a0\u00a0\u00a0 Do\u011fu\u00a0\u00a0\u00a0\u00a0\u00a0\u00a0\u00a0\u00a0\u00a0\u00a0\u00a0\u00a0\u00a0\u00a0 \u00c7o\u011fu\u00a0\u00a0\u00a0\u00a0\u00a0\u00a0\u00a0\u00a0\u00a0\u00a0\u00a0\u00a0\u00a0\u00a0 O\u011ful<\/p>\n<p>\u00d6\u00f6 &#8211; \u00dc\u00fc:\u00a0\u00a0\u00a0\u00a0\u00a0\u00a0\u00a0\u00a0 \u00d6\u011frenci\u00a0\u00a0\u00a0\u00a0\u00a0\u00a0\u00a0\u00a0\u00a0\u00a0 \u00d6\u011fretmen\u00a0\u00a0\u00a0\u00a0\u00a0\u00a0 \u00d6\u011fle\u00a0\u00a0\u00a0\u00a0\u00a0\u00a0\u00a0\u00a0\u00a0\u00a0\u00a0\u00a0\u00a0\u00a0\u00a0 D\u00fc\u011f\u00fcn<\/p>\n<p>\u0625\u0630\u0627 \u0623\u062a\u0649 \u062d\u0631\u0641 <strong>\u011e\u011f<\/strong> \u0628\u0639\u062f \u062d\u0631\u0641 \u0645\u0643\u0633\u0648\u0631 \u0643\u0627\u0644\u0640 <strong>Ee<\/strong> \u0623\u0648 <strong>\u0130i<\/strong>\u064a\u064f\u0644\u0641\u0638 \u0643\u0623\u0646\u0651\u0647 <strong>\u064a\u0627\u0621<\/strong>.<\/p>\n<p>\u0625\u0630\u0627 \u0623\u062a\u0649 \u062d\u0631\u0641 <strong>\u011e\u011f<\/strong> \u0628\u0639\u062f \u062d\u0631\u0641 \u0645\u0636\u0645\u0648\u0645 \u0643\u0627\u0644\u0640 <strong>Oo<\/strong> \u0623\u0648 <strong>Uu<\/strong>\u064a\u064f\u0644\u0641\u0638 \u0643\u0623\u0646\u0651\u0647 <strong>\u0648\u0627\u0648<\/strong>.<\/p>\n<p>\u0641\u064a \u0628\u0627\u0642\u064a \u0627\u0644\u062d\u0627\u0644\u0627\u062a\u060c \u064a\u064f\u0643\u062a\u0641\u0649 \u0628\u0645\u062f \u0627\u0644\u062d\u0631\u0641 \u0627\u0644\u0635\u0648\u062a\u064a \u0627\u0644\u0630\u064a \u0642\u0628\u0644\u0647.<\/p>\n<p>&nbsp;<\/p>\n<article dir=\"auto\" tabindex=\"-1\" data-turn-id=\"request-WEB:0cddc73a-2710-4633-b0d7-aef65568220f-37\" data-testid=\"conversation-turn-6\" data-scroll-anchor=\"true\" data-turn=\"assistant\">\n<strong>\u062a\u062a\u0623\u0644\u0641 \u0627\u0644\u0644\u063a\u0629 \u0627\u0644\u062a\u0631\u0643\u064a\u0629 \u0645\u0646 29 \u062d\u0631\u0641\u060c \u0645\u0646\u0647\u0627 8 \u062d\u0631\u0648\u0641 \u0635\u0648\u062a\u064a\u0629:<\/strong>\n<\/article>\n<table>\n<tbody>\n<tr>\n<td colspan=\"4\" width=\"633\">Harfler<\/td>\n<\/tr>\n<tr>\n<td colspan=\"2\" width=\"317\">\u00dcnl\u00fc Harfler<\/td>\n<td colspan=\"2\" width=\"317\">\u00dcns\u00fcz Harfler<\/td>\n<\/tr>\n<tr>\n<td width=\"158\">Kal\u0131n \u00dcnl\u00fcler<\/td>\n<td width=\"158\">\u0130nce \u00dcnl\u00fcler<\/td>\n<td width=\"158\">Sert \u00dcns\u00fczler<\/td>\n<td width=\"158\">Yumu\u015fak \u00dcns\u00fczler<\/td>\n<\/tr>\n<tr>\n<td width=\"158\">a, \u0131, o, u<\/td>\n<td width=\"158\">e, i, \u00f6, \u00fc<\/td>\n<td width=\"158\">\u00e7, f, h, k, p, s, \u015f, t<\/td>\n<td width=\"158\">b, c, d, g, \u011f, j, l, m, n, r, v, y, z<\/td>\n<\/tr>\n<\/tbody>\n<\/table>\n<p><strong>\u00a0<\/strong><\/p>\n\t<div class=\"h5p-iframe-wrapper\"><iframe id=\"h5p-iframe-2\" class=\"h5p-iframe\" data-content-id=\"2\" style=\"height:1px\" src=\"about:blank\" frameborder=\"0\" scrolling=\"no\" title=\"\u0627\u0644\u0623\u0628\u062c\u062f\u064a\u0629 \u0627\u0644\u062a\u0631\u0643\u064a\u0629\"><\/iframe><\/div>","protected":false},"excerpt":{"rendered":"<p>Turkish Alphabet Aa\u00a0\u00a0\u00a0\u00a0 Bb\u00a0\u00a0\u00a0\u00a0 Cc\u00a0\u00a0\u00a0\u00a0\u00a0 \u00c7\u00e7\u00a0\u00a0\u00a0\u00a0\u00a0 Dd\u00a0\u00a0\u00a0\u00a0 Ee\u00a0\u00a0\u00a0\u00a0\u00a0 Ff\u00a0\u00a0\u00a0\u00a0\u00a0 Gg\u00a0\u00a0\u00a0\u00a0 \u011e\u011f\u00a0\u00a0\u00a0\u00a0 Hh I\u0131\u00a0\u00a0\u00a0\u00a0\u00a0\u00a0\u00a0 \u0130i\u00a0\u00a0\u00a0\u00a0\u00a0\u00a0\u00a0 Jj\u00a0\u00a0\u00a0\u00a0\u00a0\u00a0 Kk\u00a0\u00a0\u00a0\u00a0 Ll\u00a0\u00a0\u00a0\u00a0\u00a0\u00a0 Mm\u00a0\u00a0\u00a0 Nn\u00a0\u00a0\u00a0\u00a0 Oo\u00a0\u00a0\u00a0\u00a0 \u00d6\u00f6\u00a0\u00a0\u00a0\u00a0 Pp Rr\u00a0\u00a0\u00a0\u00a0\u00a0 Ss\u00a0\u00a0\u00a0\u00a0\u00a0 \u015e\u015f\u00a0\u00a0\u00a0\u00a0\u00a0 Tt\u00a0\u00a0\u00a0\u00a0\u00a0\u00a0 Uu\u00a0\u00a0\u00a0\u00a0 \u00dc\u00fc\u00a0\u00a0\u00a0\u00a0 Vv\u00a0\u00a0\u00a0\u00a0 Yy\u00a0\u00a0\u00a0\u00a0 Zz Aa: araba Bb: bardak Cc: ceket \u00c7\u00e7: \u00e7anta Dd: ders Ee: elbise Ff: fare Gg: g\u00fcne\u015f \u011e\u011f: ya\u011fmur Hh: harf I\u0131: \u0131\u015f\u0131k \u0130i: insan [&hellip;]<\/p>\n","protected":false},"author":2,"featured_media":0,"parent":14814,"menu_order":0,"comment_status":"closed","ping_status":"closed","template":"","meta":{"footnotes":""},"class_list":["post-18086","page","type-page","status-publish","hentry"],"yoast_head":"<!-- This site is optimized with the Yoast SEO plugin v27.5 - https:\/\/yoast.com\/product\/yoast-seo-wordpress\/ -->\n<title>Turkish Alphabet - Youmna Farasha<\/title>\n<meta name=\"description\" content=\"\u201c\u062a\u0639\u0644\u0645 \u0627\u0644\u062d\u0631\u0648\u0641 \u0627\u0644\u0623\u0628\u062c\u062f\u064a\u0629 \u0627\u0644\u062a\u0631\u0643\u064a\u0629 \u0645\u0639 YF! \u062f\u0631\u0633 \u0634\u0627\u0645\u0644 \u0644\u062a\u0639\u0644\u0645 \u0627\u0644\u0646\u0637\u0642 \u0627\u0644\u0635\u062d\u064a\u062d \u0644\u0643\u0644 \u062d\u0631\u0641 \u0648\u0623\u0645\u062b\u0644\u0629 \u0639\u0645\u0644\u064a\u0629 \u0644\u062a\u0633\u0647\u064a\u0644 \u062d\u0641\u0638 \u0627\u0644\u0623\u0628\u062c\u062f\u064a\u0629 \u0644\u0644\u0645\u0628\u062a\u062f\u0626\u064a\u0646.\u201d\" \/>\n<meta name=\"robots\" content=\"index, follow, max-snippet:-1, max-image-preview:large, max-video-preview:-1\" \/>\n<link rel=\"canonical\" href=\"https:\/\/youmnafarasha.com\/ar\/turkish-courses\/a1\/turkish-alphabet\/\" \/>\n<meta property=\"og:locale\" content=\"ar_AR\" \/>\n<meta property=\"og:type\" content=\"article\" \/>\n<meta property=\"og:title\" content=\"Turkish Alphabet - Youmna Farasha\" \/>\n<meta property=\"og:description\" content=\"\u201c\u062a\u0639\u0644\u0645 \u0627\u0644\u062d\u0631\u0648\u0641 \u0627\u0644\u0623\u0628\u062c\u062f\u064a\u0629 \u0627\u0644\u062a\u0631\u0643\u064a\u0629 \u0645\u0639 YF! \u062f\u0631\u0633 \u0634\u0627\u0645\u0644 \u0644\u062a\u0639\u0644\u0645 \u0627\u0644\u0646\u0637\u0642 \u0627\u0644\u0635\u062d\u064a\u062d \u0644\u0643\u0644 \u062d\u0631\u0641 \u0648\u0623\u0645\u062b\u0644\u0629 \u0639\u0645\u0644\u064a\u0629 \u0644\u062a\u0633\u0647\u064a\u0644 \u062d\u0641\u0638 \u0627\u0644\u0623\u0628\u062c\u062f\u064a\u0629 \u0644\u0644\u0645\u0628\u062a\u062f\u0626\u064a\u0646.\u201d\" \/>\n<meta property=\"og:url\" content=\"https:\/\/youmnafarasha.com\/ar\/turkish-courses\/a1\/turkish-alphabet\/\" \/>\n<meta property=\"og:site_name\" content=\"Youmna Farasha\" \/>\n<meta property=\"article:modified_time\" content=\"2025-12-02T11:01:10+00:00\" \/>\n<meta name=\"twitter:card\" content=\"summary_large_image\" \/>\n<script type=\"application\/ld+json\" class=\"yoast-schema-graph\">{\"@context\":\"https:\\\/\\\/schema.org\",\"@graph\":[{\"@type\":\"WebPage\",\"@id\":\"https:\\\/\\\/youmnafarasha.com\\\/turkish-courses\\\/a1\\\/turkish-alphabet\\\/\",\"url\":\"https:\\\/\\\/youmnafarasha.com\\\/turkish-courses\\\/a1\\\/turkish-alphabet\\\/\",\"name\":\"Turkish Alphabet - Youmna Farasha\",\"isPartOf\":{\"@id\":\"https:\\\/\\\/youmnafarasha.com\\\/#website\"},\"datePublished\":\"2025-11-30T15:43:20+00:00\",\"dateModified\":\"2025-12-02T11:01:10+00:00\",\"description\":\"\u201c\u062a\u0639\u0644\u0645 \u0627\u0644\u062d\u0631\u0648\u0641 \u0627\u0644\u0623\u0628\u062c\u062f\u064a\u0629 \u0627\u0644\u062a\u0631\u0643\u064a\u0629 \u0645\u0639 YF! \u062f\u0631\u0633 \u0634\u0627\u0645\u0644 \u0644\u062a\u0639\u0644\u0645 \u0627\u0644\u0646\u0637\u0642 \u0627\u0644\u0635\u062d\u064a\u062d \u0644\u0643\u0644 \u062d\u0631\u0641 \u0648\u0623\u0645\u062b\u0644\u0629 \u0639\u0645\u0644\u064a\u0629 \u0644\u062a\u0633\u0647\u064a\u0644 \u062d\u0641\u0638 \u0627\u0644\u0623\u0628\u062c\u062f\u064a\u0629 \u0644\u0644\u0645\u0628\u062a\u062f\u0626\u064a\u0646.\u201d\",\"breadcrumb\":{\"@id\":\"https:\\\/\\\/youmnafarasha.com\\\/turkish-courses\\\/a1\\\/turkish-alphabet\\\/#breadcrumb\"},\"inLanguage\":\"ar\",\"potentialAction\":[{\"@type\":\"ReadAction\",\"target\":[\"https:\\\/\\\/youmnafarasha.com\\\/turkish-courses\\\/a1\\\/turkish-alphabet\\\/\"]}]},{\"@type\":\"BreadcrumbList\",\"@id\":\"https:\\\/\\\/youmnafarasha.com\\\/turkish-courses\\\/a1\\\/turkish-alphabet\\\/#breadcrumb\",\"itemListElement\":[{\"@type\":\"ListItem\",\"position\":1,\"name\":\"Home\",\"item\":\"https:\\\/\\\/youmnafarasha.com\\\/\"},{\"@type\":\"ListItem\",\"position\":2,\"name\":\"Turkish Courses\",\"item\":\"https:\\\/\\\/youmnafarasha.com\\\/turkish-courses\\\/\"},{\"@type\":\"ListItem\",\"position\":3,\"name\":\"A1\",\"item\":\"https:\\\/\\\/youmnafarasha.com\\\/turkish-courses\\\/a1\\\/\"},{\"@type\":\"ListItem\",\"position\":4,\"name\":\"Turkish Alphabet\"}]},{\"@type\":\"WebSite\",\"@id\":\"https:\\\/\\\/youmnafarasha.com\\\/#website\",\"url\":\"https:\\\/\\\/youmnafarasha.com\\\/\",\"name\":\"Youmna Farasha\",\"description\":\"A lifelong learner, exploring with heart and mind.\",\"publisher\":{\"@id\":\"https:\\\/\\\/youmnafarasha.com\\\/#organization\"},\"potentialAction\":[{\"@type\":\"SearchAction\",\"target\":{\"@type\":\"EntryPoint\",\"urlTemplate\":\"https:\\\/\\\/youmnafarasha.com\\\/?s={search_term_string}\"},\"query-input\":{\"@type\":\"PropertyValueSpecification\",\"valueRequired\":true,\"valueName\":\"search_term_string\"}}],\"inLanguage\":\"ar\"},{\"@type\":\"Organization\",\"@id\":\"https:\\\/\\\/youmnafarasha.com\\\/#organization\",\"name\":\"Turkey Insights\",\"url\":\"https:\\\/\\\/youmnafarasha.com\\\/\",\"logo\":{\"@type\":\"ImageObject\",\"inLanguage\":\"ar\",\"@id\":\"https:\\\/\\\/youmnafarasha.com\\\/#\\\/schema\\\/logo\\\/image\\\/\",\"url\":\"https:\\\/\\\/turkeyinsights.com\\\/wp-content\\\/uploads\\\/2021\\\/06\\\/cropped-turkey-site-identity-1.png\",\"contentUrl\":\"https:\\\/\\\/turkeyinsights.com\\\/wp-content\\\/uploads\\\/2021\\\/06\\\/cropped-turkey-site-identity-1.png\",\"width\":512,\"height\":512,\"caption\":\"Turkey Insights\"},\"image\":{\"@id\":\"https:\\\/\\\/youmnafarasha.com\\\/#\\\/schema\\\/logo\\\/image\\\/\"}}]}<\/script>\n<!-- \/ Yoast SEO plugin. -->","yoast_head_json":{"title":"Turkish Alphabet - Youmna Farasha","description":"\u201c\u062a\u0639\u0644\u0645 \u0627\u0644\u062d\u0631\u0648\u0641 \u0627\u0644\u0623\u0628\u062c\u062f\u064a\u0629 \u0627\u0644\u062a\u0631\u0643\u064a\u0629 \u0645\u0639 YF! \u062f\u0631\u0633 \u0634\u0627\u0645\u0644 \u0644\u062a\u0639\u0644\u0645 \u0627\u0644\u0646\u0637\u0642 \u0627\u0644\u0635\u062d\u064a\u062d \u0644\u0643\u0644 \u062d\u0631\u0641 \u0648\u0623\u0645\u062b\u0644\u0629 \u0639\u0645\u0644\u064a\u0629 \u0644\u062a\u0633\u0647\u064a\u0644 \u062d\u0641\u0638 \u0627\u0644\u0623\u0628\u062c\u062f\u064a\u0629 \u0644\u0644\u0645\u0628\u062a\u062f\u0626\u064a\u0646.\u201d","robots":{"index":"index","follow":"follow","max-snippet":"max-snippet:-1","max-image-preview":"max-image-preview:large","max-video-preview":"max-video-preview:-1"},"canonical":"https:\/\/youmnafarasha.com\/ar\/turkish-courses\/a1\/turkish-alphabet\/","og_locale":"ar_AR","og_type":"article","og_title":"Turkish Alphabet - Youmna Farasha","og_description":"\u201c\u062a\u0639\u0644\u0645 \u0627\u0644\u062d\u0631\u0648\u0641 \u0627\u0644\u0623\u0628\u062c\u062f\u064a\u0629 \u0627\u0644\u062a\u0631\u0643\u064a\u0629 \u0645\u0639 YF! \u062f\u0631\u0633 \u0634\u0627\u0645\u0644 \u0644\u062a\u0639\u0644\u0645 \u0627\u0644\u0646\u0637\u0642 \u0627\u0644\u0635\u062d\u064a\u062d \u0644\u0643\u0644 \u062d\u0631\u0641 \u0648\u0623\u0645\u062b\u0644\u0629 \u0639\u0645\u0644\u064a\u0629 \u0644\u062a\u0633\u0647\u064a\u0644 \u062d\u0641\u0638 \u0627\u0644\u0623\u0628\u062c\u062f\u064a\u0629 \u0644\u0644\u0645\u0628\u062a\u062f\u0626\u064a\u0646.\u201d","og_url":"https:\/\/youmnafarasha.com\/ar\/turkish-courses\/a1\/turkish-alphabet\/","og_site_name":"Youmna Farasha","article_modified_time":"2025-12-02T11:01:10+00:00","twitter_card":"summary_large_image","schema":{"@context":"https:\/\/schema.org","@graph":[{"@type":"WebPage","@id":"https:\/\/youmnafarasha.com\/turkish-courses\/a1\/turkish-alphabet\/","url":"https:\/\/youmnafarasha.com\/turkish-courses\/a1\/turkish-alphabet\/","name":"Turkish Alphabet - Youmna Farasha","isPartOf":{"@id":"https:\/\/youmnafarasha.com\/#website"},"datePublished":"2025-11-30T15:43:20+00:00","dateModified":"2025-12-02T11:01:10+00:00","description":"\u201c\u062a\u0639\u0644\u0645 \u0627\u0644\u062d\u0631\u0648\u0641 \u0627\u0644\u0623\u0628\u062c\u062f\u064a\u0629 \u0627\u0644\u062a\u0631\u0643\u064a\u0629 \u0645\u0639 YF! \u062f\u0631\u0633 \u0634\u0627\u0645\u0644 \u0644\u062a\u0639\u0644\u0645 \u0627\u0644\u0646\u0637\u0642 \u0627\u0644\u0635\u062d\u064a\u062d \u0644\u0643\u0644 \u062d\u0631\u0641 \u0648\u0623\u0645\u062b\u0644\u0629 \u0639\u0645\u0644\u064a\u0629 \u0644\u062a\u0633\u0647\u064a\u0644 \u062d\u0641\u0638 \u0627\u0644\u0623\u0628\u062c\u062f\u064a\u0629 \u0644\u0644\u0645\u0628\u062a\u062f\u0626\u064a\u0646.\u201d","breadcrumb":{"@id":"https:\/\/youmnafarasha.com\/turkish-courses\/a1\/turkish-alphabet\/#breadcrumb"},"inLanguage":"ar","potentialAction":[{"@type":"ReadAction","target":["https:\/\/youmnafarasha.com\/turkish-courses\/a1\/turkish-alphabet\/"]}]},{"@type":"BreadcrumbList","@id":"https:\/\/youmnafarasha.com\/turkish-courses\/a1\/turkish-alphabet\/#breadcrumb","itemListElement":[{"@type":"ListItem","position":1,"name":"Home","item":"https:\/\/youmnafarasha.com\/"},{"@type":"ListItem","position":2,"name":"Turkish Courses","item":"https:\/\/youmnafarasha.com\/turkish-courses\/"},{"@type":"ListItem","position":3,"name":"A1","item":"https:\/\/youmnafarasha.com\/turkish-courses\/a1\/"},{"@type":"ListItem","position":4,"name":"Turkish Alphabet"}]},{"@type":"WebSite","@id":"https:\/\/youmnafarasha.com\/#website","url":"https:\/\/youmnafarasha.com\/","name":"\u064a\u0645\u0646\u0649 \u0641\u0631\u0627\u0634\u0629","description":"A lifelong learner, exploring with heart and mind.","publisher":{"@id":"https:\/\/youmnafarasha.com\/#organization"},"potentialAction":[{"@type":"SearchAction","target":{"@type":"EntryPoint","urlTemplate":"https:\/\/youmnafarasha.com\/?s={search_term_string}"},"query-input":{"@type":"PropertyValueSpecification","valueRequired":true,"valueName":"search_term_string"}}],"inLanguage":"ar"},{"@type":"Organization","@id":"https:\/\/youmnafarasha.com\/#organization","name":"Turkey Insights","url":"https:\/\/youmnafarasha.com\/","logo":{"@type":"ImageObject","inLanguage":"ar","@id":"https:\/\/youmnafarasha.com\/#\/schema\/logo\/image\/","url":"https:\/\/turkeyinsights.com\/wp-content\/uploads\/2021\/06\/cropped-turkey-site-identity-1.png","contentUrl":"https:\/\/turkeyinsights.com\/wp-content\/uploads\/2021\/06\/cropped-turkey-site-identity-1.png","width":512,"height":512,"caption":"Turkey Insights"},"image":{"@id":"https:\/\/youmnafarasha.com\/#\/schema\/logo\/image\/"}}]}},"_links":{"self":[{"href":"https:\/\/youmnafarasha.com\/ar\/wp-json\/wp\/v2\/pages\/18086","targetHints":{"allow":["GET"]}}],"collection":[{"href":"https:\/\/youmnafarasha.com\/ar\/wp-json\/wp\/v2\/pages"}],"about":[{"href":"https:\/\/youmnafarasha.com\/ar\/wp-json\/wp\/v2\/types\/page"}],"author":[{"embeddable":true,"href":"https:\/\/youmnafarasha.com\/ar\/wp-json\/wp\/v2\/users\/2"}],"replies":[{"embeddable":true,"href":"https:\/\/youmnafarasha.com\/ar\/wp-json\/wp\/v2\/comments?post=18086"}],"version-history":[{"count":9,"href":"https:\/\/youmnafarasha.com\/ar\/wp-json\/wp\/v2\/pages\/18086\/revisions"}],"predecessor-version":[{"id":18223,"href":"https:\/\/youmnafarasha.com\/ar\/wp-json\/wp\/v2\/pages\/18086\/revisions\/18223"}],"up":[{"embeddable":true,"href":"https:\/\/youmnafarasha.com\/ar\/wp-json\/wp\/v2\/pages\/14814"}],"wp:attachment":[{"href":"https:\/\/youmnafarasha.com\/ar\/wp-json\/wp\/v2\/media?parent=18086"}],"curies":[{"name":"wp","href":"https:\/\/api.w.org\/{rel}","templated":true}]}}